{"id":244,"date":"2024-01-30T09:12:34","date_gmt":"2024-01-30T08:12:34","guid":{"rendered":"https:\/\/soline-assistantesociale.com\/?page_id=244"},"modified":"2024-04-08T16:12:57","modified_gmt":"2024-04-08T14:12:57","slug":"mentions-legales","status":"publish","type":"page","link":"https:\/\/www.soline-assistantesociale.com\/index.php\/mentions-legales\/","title":{"rendered":"Mentions l\u00e9gales"},"content":{"rendered":"<p>[et_pb_section fb_built=\u00a0\u00bb1&Prime; admin_label=\u00a0\u00bbsection\u00a0\u00bb _builder_version=\u00a0\u00bb4.24.0&Prime; background_color=\u00a0\u00bb#BEAFD6&Prime; global_colors_info=\u00a0\u00bb{}\u00a0\u00bb][et_pb_row admin_label=\u00a0\u00bbrow\u00a0\u00bb _builder_version=\u00a0\u00bb4.16&Prime; background_size=\u00a0\u00bbinitial\u00a0\u00bb background_position=\u00a0\u00bbtop_left\u00a0\u00bb background_repeat=\u00a0\u00bbrepeat\u00a0\u00bb global_colors_info=\u00a0\u00bb{}\u00a0\u00bb][et_pb_column type=\u00a0\u00bb4_4&Prime; _builder_version=\u00a0\u00bb4.16&Prime; custom_padding=\u00a0\u00bb|||\u00a0\u00bb global_colors_info=\u00a0\u00bb{}\u00a0\u00bb custom_padding__hover=\u00a0\u00bb|||\u00a0\u00bb][et_pb_text admin_label=\u00a0\u00bbText\u00a0\u00bb _builder_version=\u00a0\u00bb4.24.0&Prime; background_size=\u00a0\u00bbinitial\u00a0\u00bb background_position=\u00a0\u00bbtop_left\u00a0\u00bb background_repeat=\u00a0\u00bbrepeat\u00a0\u00bb hover_enabled=\u00a0\u00bb0&Prime; global_colors_info=\u00a0\u00bb{}\u00a0\u00bb sticky_enabled=\u00a0\u00bb0&Prime;]<!-- divi:heading --><\/p>\n<h2 style=\"text-align: center;\"><span style=\"color: #b683b8;\"><a href=\"https:\/\/soline-assistantesociale.com\" style=\"color: #b683b8;\"><span style=\"color: #1d76a1;\">www.soline-assistantesociale.com<\/span><\/a><\/span><span><\/span><\/h2>\n<p class=\"p1\" style=\"text-align: center;\"><span><a href=\"mailto:solineverrieres@gmail.com\" title=\"email\">solineverrieres@gmail.com<\/a><\/span><\/p>\n<p class=\"p1\" style=\"text-align: center;\"><span>Entreprise individuelle<\/span><\/p>\n<p class=\"p1\" style=\"text-align: center;\"><span><strong>Siret<\/strong> 98016692000010 &#8211; <strong>Num\u00e9ro RPPS<\/strong> : 101093030409<br \/>(num\u00e9ro d\u2019enregistrement ARS, Agence R\u00e9gionale de Sant\u00e9, anciennement code ADELI )<br \/><\/span><span><strong>TVA intracommunautaire<\/strong> : FR92980166920<\/span><\/p>\n<p class=\"p1\" style=\"text-align: center;\"><b>Propri\u00e9taire<\/b><span><br \/><\/span>Soline Verri\u00e8res<\/p>\n<p class=\"p1\" style=\"text-align: center;\"><b>Directrice de la publication<\/b><span><br \/><\/span>Soline Verri\u00e8res<\/p>\n<p class=\"p1\" style=\"text-align: center;\"><span><\/span><b>T\u00e9l\u00e9phone<\/b><span><br \/><\/span>06.01.73.93.77<\/p>\n<p class=\"p1\" style=\"text-align: center;\"><b>H\u00e9bergeur<\/b><span><br \/><\/span><span>HOSTINGER INTERNATIONAL LTD, 61 Lordou Vironos Street, 6023 Larnaca, Chypre<\/span><span> <a href=\"https:\/\/www.hostinger.fr\/contact\" target=\"_blank\" rel=\"noopener\">https:\/\/www.hostinger.fr\/contact<\/a>.<\/span><\/p>\n<p style=\"text-align: center;\"><b>Cr\u00e9ation du site<br \/><\/b>www.oh-mazette.com, C\u00e9cile Martini<\/p>\n<p style=\"text-align: center;\"><b>Photographies<br \/><\/b>\u00a9hannah-busing-unsplash<\/p>\n<p>&nbsp;<\/p>\n<p>&nbsp;<\/p>\n<p>&nbsp;<\/p>\n<p>&nbsp;<\/p>\n<p>&nbsp;<\/p>\n<p>&nbsp;<\/p>\n<p><!-- \/divi:paragraph --><!-- divi:heading --><\/p>\n<h2><\/h2>\n<h2>Traitement des donn\u00e9es personnelles et droit d\u2019acc\u00e8s, de modification et de suppression<\/h2>\n<p align=\"justify\">Les donn\u00e9es personnelles recueillies sur le site r\u00e9sultent de la communication volontaire d\u2019une adresse de courrier \u00e9lectronique et d&rsquo;un num\u00e9ro de t\u00e9l\u00e9phone lors du d\u00e9p\u00f4t de ceux-ci. Ces coordonn\u00e9es ainsi recueillies ne servent qu\u2019\u00e0 transmettre les \u00e9l\u00e9ments d\u2019information demand\u00e9s. Elles ne feront l\u2019objet d\u2019aucune cession \u00e0 des tiers, ni d\u2019aucun traitement de la part de Soline Verri\u00e8res.<\/p>\n<p align=\"justify\">Les donn\u00e9es de trafic ont uniquement pour finalit\u00e9 de permettre d\u2019analyser la fr\u00e9quentation des pages du site afin d\u2019en am\u00e9liorer le contenu. Les donn\u00e9es relatives \u00e0 la navigation des visiteurs ne sont pas exploit\u00e9es nominativement. Il s\u2019agit de statistiques agr\u00e9g\u00e9es permettant de conna\u00eetre les pages les plus et les moins populaires, les chemins pr\u00e9f\u00e9r\u00e9s, les niveaux d\u2019activit\u00e9 par jour de la semaine et par heure de la journ\u00e9e, les principales erreurs clients ou serveur.<\/p>\n<p align=\"justify\">Conform\u00e9ment \u00e0 l\u2019article 34 de la loi 78-17 du 6 janvier 1978 relative \u00e0 l\u2019information, aux fichiers et aux libert\u00e9s, vous disposez d\u2019un droit d\u2019acc\u00e8s et de rectification de vos donn\u00e9es nominatives.<\/p>\n<p align=\"justify\">Afin d\u2019exercer ce droit, vous pouvez vous adresser par mail \u00e0 <span><a href=\"mailto:solineverrieres@gmail.com\" title=\"email\">solineverrieres@gmail.com<\/a><\/span><\/p>\n<p align=\"justify\"><span><\/span><\/p>\n<h2>Cookies stockant des informations relatives \u00e0 la navigation d\u2019un visiteur<\/h2>\n<p align=\"justify\">Lors de votre visite, des cookies peuvent \u00eatre stock\u00e9s sur votre ordinateur. Les informations sont relatives \u00e0 votre navigation sur le site (les pages que vous avez consult\u00e9es, la date et l\u2019heure de la consultation, etc.). Ces cookies ne permettent pas de vous identifier. La dur\u00e9e de conservation de ces informations dans votre ordinateur est identique \u00e0 celle de votre session. Ces cookies seront donc supprim\u00e9s lorsque vous fermerez votre navigateur.<\/p>\n<p align=\"justify\">Vous pouvez vous opposer \u00e0 l\u2019enregistrement des cookies en param\u00e9trant votre navigateur.<\/p>\n<p align=\"justify\">\n<h2>Dispositions l\u00e9gales<\/h2>\n<p align=\"justify\">Les divers \u00e9l\u00e9ments du site web (la forme, la mise en page, le fond, la structure \u2026) sont prot\u00e9g\u00e9s par le droit des dessins et mod\u00e8les, le droit d\u2019auteur, le droit des marques ainsi que le droit \u00e0 l\u2019image et ils ne peuvent \u00eatre copi\u00e9s ou imit\u00e9s en tout ou partie sauf autorisation expresse de la part de Soline Verri\u00e8res.<\/p>\n<p align=\"justify\">Toute personne ne respectant pas les dispositions l\u00e9gales applicables se rend coupable du d\u00e9lit de contrefa\u00e7on et est passible des sanctions p\u00e9nales pr\u00e9vues par la loi.<\/p>\n<p align=\"justify\">\n<h2>Droits d\u2019auteur<\/h2>\n<p align=\"justify\">Le pr\u00e9sent site constitue une oeuvre dont Soline Verri\u00e8res est l\u2019auteur au sens des articles L. 111.1 et suivants du Code de la propri\u00e9t\u00e9 intellectuelle.<\/p>\n<p align=\"justify\">Les photographies, textes, logos, pictogrammes, ainsi que toutes oeuvres int\u00e9gr\u00e9es dans le site sont la propri\u00e9t\u00e9 de Soline Verri\u00e8res ou de tiers ayant autoris\u00e9 Soline Verri\u00e8res \u00e0 les utiliser.<\/p>\n<p align=\"justify\">Les reproductions, les transmissions, les modifications, les r\u00e9utilisations, sur un support papier ou informatique, dudit site et des oeuvres qui y sont reproduites ne sont autoris\u00e9es que pour un usage personnel et priv\u00e9 conforme aux dispositions de l\u2019article L 122-5 du Code de la Propri\u00e9t\u00e9 Intellectuelle. Ces reproductions devront ainsi notamment indiquer clairement la source et l\u2019auteur du site et\/ou de ces oeuvres multim\u00e9dias.<\/p>\n<p align=\"justify\">En aucun cas ces reproductions ne sauraient porter pr\u00e9judice aux droits des tiers.<\/p>\n<p align=\"justify\">Les reproductions, les transmissions, les modifications, les r\u00e9utilisations \u00e0 des fins publicitaires, commerciales ou d\u2019information, de tout ou partie du site, sont totalement interdites.<\/p>\n<p align=\"justify\">\n<h2>Logo de Soline Verri\u00e8res<\/h2>\n<p align=\"justify\">Le logo de Soline Verri\u00e8res ne peut-\u00eatre modifi\u00e9 \u2013 proportions, couleurs, \u00e9l\u00e9ments, constituants \u2013 et ne peut \u00eatre sujet \u00e0 aucune transformation, animation ou tout autre processus.<\/p>\n<p align=\"justify\">Le logo de Soline Verri\u00e8res ne peut-\u00eatre utilis\u00e9 et associ\u00e9 qu\u2019aux seules informations v\u00e9rifiables. Il ne peut \u00eatre notamment utilis\u00e9 que pour illustrer des relations avec Soline Verri\u00e8res ou des actions de partenariat d\u00fbment \u00e9tablies.<\/p>\n<p align=\"justify\">Quel que soit le cas d\u2019esp\u00e8ce, Soline Verri\u00e8res se r\u00e9serve le droit d\u2019approuver ou de d\u00e9sapprouver toute utilisation de ses photographies, pour assurer leur utilisation correcte, conform\u00e9ment \u00e0 l\u2019\u00e9thique, la morale et aux int\u00e9r\u00eats de Soline Verri\u00e8res.<\/p>\n<p align=\"justify\">Les conditions susmentionn\u00e9es s\u2019appliquent dans le cadre de pages web, elles ne font pas r\u00e9f\u00e9rence \u00e0 l\u2019utilisation du logo dans tout autre document.<\/p>\n<p align=\"justify\">Soline Verri\u00e8res se r\u00e9serve le droit de modifier les conditions d\u2019utilisation du logo Soline Verri\u00e8res \u00e0 tout moment et sans pr\u00e9avis.<\/p>\n<p align=\"justify\">\n<h2>Droit des bases de donn\u00e9es<\/h2>\n<p align=\"justify\">Les bases de donn\u00e9es sont prot\u00e9g\u00e9es par la loi du 1er juillet 1998 et le r\u00e9gime fran\u00e7ais du droit d\u2019auteur.<\/p>\n<p align=\"justify\">\n<h2>Etablissements de liens vers le site Soline Verri\u00e8res<\/h2>\n<p align=\"justify\">Soline Verri\u00e8res autorise la mise en place d\u2019un lien hypertexte vers son site <span><a href=\"https:\/\/soline-assistantesociale.com\">www.soline-assistantesociale.com <\/a><\/span>pour tous les sites Internet, \u00e0 l\u2019exclusion de ceux diffusant des informations \u00e0 caract\u00e8re pol\u00e9mique, pornographique, x\u00e9nophobe ou pouvant, dans une plus large mesure porter atteinte \u00e0 la sensibilit\u00e9 du plus grand nombre.<\/p>\n<p align=\"justify\">Le lien vers le site <span><a href=\"https:\/\/soline-assistantesociale.com\">www.soline-assistantesociale.com<\/a><\/span> doit appara\u00eetre dans une nouvelle fen\u00eatre. Les pages du site <span><a href=\"https:\/\/soline-assistantesociale.com\">www.soline-assistantesociale.com<\/a><\/span> ne doivent en aucun cas \u00eatre int\u00e9gr\u00e9es \u00e0 l\u2019int\u00e9rieur des pages d\u2019un autre site (Frame). La demande d\u2019\u00e9tablissement de lien hypertexte \u00e0 partir du site de Soline Verri\u00e8res (<span><a href=\"https:\/\/soline-assistantesociale.com\">www.soline-assistantesociale.com<\/a><\/span>), doit \u00eatre faite par mail \u00e0 <span><a href=\"mailto:solineverrieres@gmail.com\" title=\"email\">solineverrieres@gmail.com<\/a><\/span><\/p>\n<p align=\"justify\"><span><\/span><\/p>\n<h2>Liens vers des sites tiers depuis le site <span><a href=\"https:\/\/soline-assistantesociale.com\">www.soline-assistantesociale.com<\/a><\/span><\/h2>\n<p align=\"justify\">Les liens hypertextes mis en oeuvre au sein du site en direction d\u2019autres sites et\/ou de pages personnelles et d\u2019une mani\u00e8re g\u00e9n\u00e9rale vers toutes ressources existantes sur internet ne sauraient engager la responsabilit\u00e9 de Soline Verri\u00e8res quant aux liens qu\u2019ils contiennent ou aux changements ou mises \u00e0 jour qui leur sont apport\u00e9s.<\/p>\n<p align=\"justify\">\n<h2>Mise en garde g\u00e9n\u00e9rale<\/h2>\n<p align=\"justify\">Tout a \u00e9t\u00e9 mis en oeuvre pour offrir aux visiteurs de ce site web des informations fiables et v\u00e9rifi\u00e9es. Cependant, malgr\u00e9 tous les soins apport\u00e9s, le site peut comporter des inexactitudes, des d\u00e9fauts de mise \u00e0 jour ou des erreurs.<\/p>\n<p align=\"justify\">\n<h2>Droit applicable<\/h2>\n<p>Le pr\u00e9sent site est soumis au droit fran\u00e7ais.<\/p>\n<p>&nbsp;<\/p>\n<p>&nbsp;<\/p>\n<p>&nbsp;<\/p>\n<p>&nbsp;<\/p>\n<p>&nbsp;<\/p>\n<p>&nbsp;<\/p>\n<p><!-- \/divi:paragraph -->[\/et_pb_text][\/et_pb_column][\/et_pb_row][\/et_pb_section]<\/p>\n","protected":false},"excerpt":{"rendered":"<p>www.soline-assistantesociale.com solineverrieres@gmail.com Entreprise individuelle Siret 98016692000010 &#8211; Num\u00e9ro RPPS : 101093030409(num\u00e9ro d\u2019enregistrement ARS, Agence R\u00e9gionale de Sant\u00e9, anciennement code ADELI )TVA intracommunautaire : FR92980166920 Propri\u00e9taireSoline Verri\u00e8res Directrice de la publicationSoline Verri\u00e8res T\u00e9l\u00e9phone06.01.73.93.77 H\u00e9bergeurHOSTINGER INTERNATIONAL LTD, 61 Lordou Vironos Street, 6023 Larnaca, Chypre https:\/\/www.hostinger.fr\/contact. Cr\u00e9ation du sitewww.oh-mazette.com, C\u00e9cile Martini Photographies\u00a9hannah-busing-unsplash &nbsp; &nbsp; &nbsp; &nbsp; &nbsp; &nbsp; [&hellip;]<\/p>\n","protected":false},"author":1,"featured_media":0,"parent":0,"menu_order":0,"comment_status":"closed","ping_status":"open","template":"","meta":{"_et_pb_use_builder":"on","_et_pb_old_content":"<!-- wp:heading --><h2>Qui sommes-nous\u00a0?<\/h2><!-- \/wp:heading --><!-- wp:paragraph --><p><strong class=\"privacy-policy-tutorial\">Texte sugg\u00e9r\u00e9\u00a0: <\/strong>L\u2019adresse de notre site est\u00a0: http:\/\/soline-assistantesociale.com.<\/p><!-- \/wp:paragraph --><!-- wp:heading --><h2>Commentaires<\/h2><!-- \/wp:heading --><!-- wp:paragraph --><p><strong class=\"privacy-policy-tutorial\">Texte sugg\u00e9r\u00e9\u00a0: <\/strong>Quand vous laissez un commentaire sur notre site, les donn\u00e9es inscrites dans le formulaire de commentaire, ainsi que votre adresse IP et l\u2019agent utilisateur de votre navigateur sont collect\u00e9s pour nous aider \u00e0 la d\u00e9tection des commentaires ind\u00e9sirables.<\/p><!-- \/wp:paragraph --><!-- wp:paragraph --><p>Une cha\u00eene anonymis\u00e9e cr\u00e9\u00e9e \u00e0 partir de votre adresse e-mail (\u00e9galement appel\u00e9e hash) peut \u00eatre envoy\u00e9e au service Gravatar pour v\u00e9rifier si vous utilisez ce dernier. Les clauses de confidentialit\u00e9 du service Gravatar sont disponibles ici\u00a0: https:\/\/automattic.com\/privacy\/. Apr\u00e8s validation de votre commentaire, votre photo de profil sera visible publiquement \u00e0 cot\u00e9 de votre commentaire.<\/p><!-- \/wp:paragraph --><!-- wp:heading --><h2>M\u00e9dias<\/h2><!-- \/wp:heading --><!-- wp:paragraph --><p><strong class=\"privacy-policy-tutorial\">Texte sugg\u00e9r\u00e9\u00a0: <\/strong>Si vous t\u00e9l\u00e9versez des images sur le site, nous vous conseillons d\u2019\u00e9viter de t\u00e9l\u00e9verser des images contenant des donn\u00e9es EXIF de coordonn\u00e9es GPS. Les personnes visitant votre site peuvent t\u00e9l\u00e9charger et extraire des donn\u00e9es de localisation depuis ces images.<\/p><!-- \/wp:paragraph --><!-- wp:heading --><h2>Cookies<\/h2><!-- \/wp:heading --><!-- wp:paragraph --><p><strong class=\"privacy-policy-tutorial\">Texte sugg\u00e9r\u00e9\u00a0: <\/strong>Si vous d\u00e9posez un commentaire sur notre site, il vous sera propos\u00e9 d\u2019enregistrer votre nom, adresse e-mail et site dans des cookies. C\u2019est uniquement pour votre confort afin de ne pas avoir \u00e0 saisir ces informations si vous d\u00e9posez un autre commentaire plus tard. Ces cookies expirent au bout d\u2019un an.<\/p><!-- \/wp:paragraph --><!-- wp:paragraph --><p>Si vous vous rendez sur la page de connexion, un cookie temporaire sera cr\u00e9\u00e9 afin de d\u00e9terminer si votre navigateur accepte les cookies. Il ne contient pas de donn\u00e9es personnelles et sera supprim\u00e9 automatiquement \u00e0 la fermeture de votre navigateur.<\/p><!-- \/wp:paragraph --><!-- wp:paragraph --><p>Lorsque vous vous connecterez, nous mettrons en place un certain nombre de cookies pour enregistrer vos informations de connexion et vos pr\u00e9f\u00e9rences d\u2019\u00e9cran. La dur\u00e9e de vie d\u2019un cookie de connexion est de deux jours, celle d\u2019un cookie d\u2019option d\u2019\u00e9cran est d\u2019un an. Si vous cochez \u00ab\u00a0Se souvenir de moi\u00a0\u00bb, votre cookie de connexion sera conserv\u00e9 pendant deux semaines. Si vous vous d\u00e9connectez de votre compte, le cookie de connexion sera effac\u00e9.<\/p><!-- \/wp:paragraph --><!-- wp:paragraph --><p>En modifiant ou en publiant une publication, un cookie suppl\u00e9mentaire sera enregistr\u00e9 dans votre navigateur. Ce cookie ne comprend aucune donn\u00e9e personnelle. Il indique simplement l\u2019ID de la publication que vous venez de modifier. Il expire au bout d\u2019un jour.<\/p><!-- \/wp:paragraph --><!-- wp:heading --><h2>Contenu embarqu\u00e9 depuis d\u2019autres sites<\/h2><!-- \/wp:heading --><!-- wp:paragraph --><p><strong class=\"privacy-policy-tutorial\">Texte sugg\u00e9r\u00e9\u00a0: <\/strong>Les articles de ce site peuvent inclure des contenus int\u00e9gr\u00e9s (par exemple des vid\u00e9os, images, articles\u2026). Le contenu int\u00e9gr\u00e9 depuis d\u2019autres sites se comporte de la m\u00eame mani\u00e8re que si le visiteur se rendait sur cet autre site.<\/p><!-- \/wp:paragraph --><!-- wp:paragraph --><p>Ces sites web pourraient collecter des donn\u00e9es sur vous, utiliser des cookies, embarquer des outils de suivis tiers, suivre vos interactions avec ces contenus embarqu\u00e9s si vous disposez d\u2019un compte connect\u00e9 sur leur site web.<\/p><!-- \/wp:paragraph --><!-- wp:heading --><h2>Utilisation et transmission de vos donn\u00e9es personnelles<\/h2><!-- \/wp:heading --><!-- wp:paragraph --><p><strong class=\"privacy-policy-tutorial\">Texte sugg\u00e9r\u00e9\u00a0: <\/strong>Si vous demandez une r\u00e9initialisation de votre mot de passe, votre adresse IP sera incluse dans l\u2019e-mail de r\u00e9initialisation.<\/p><!-- \/wp:paragraph --><!-- wp:heading --><h2>Dur\u00e9es de stockage de vos donn\u00e9es<\/h2><!-- \/wp:heading --><!-- wp:paragraph --><p><strong class=\"privacy-policy-tutorial\">Texte sugg\u00e9r\u00e9\u00a0: <\/strong>Si vous laissez un commentaire, le commentaire et ses m\u00e9tadonn\u00e9es sont conserv\u00e9s ind\u00e9finiment. Cela permet de reconna\u00eetre et approuver automatiquement les commentaires suivants au lieu de les laisser dans la file de mod\u00e9ration.<\/p><!-- \/wp:paragraph --><!-- wp:paragraph --><p>Pour les comptes qui s\u2019inscrivent sur notre site (le cas \u00e9ch\u00e9ant), nous stockons \u00e9galement les donn\u00e9es personnelles indiqu\u00e9es dans leur profil. Tous les comptes peuvent voir, modifier ou supprimer leurs informations personnelles \u00e0 tout moment (\u00e0 l\u2019exception de leur identifiant). Les gestionnaires du site peuvent aussi voir et modifier ces informations.<\/p><!-- \/wp:paragraph --><!-- wp:heading --><h2>Les droits que vous avez sur vos donn\u00e9es<\/h2><!-- \/wp:heading --><!-- wp:paragraph --><p><strong class=\"privacy-policy-tutorial\">Texte sugg\u00e9r\u00e9\u00a0: <\/strong>Si vous avez un compte ou si vous avez laiss\u00e9 des commentaires sur le site, vous pouvez demander \u00e0 recevoir un fichier contenant toutes les donn\u00e9es personnelles que nous poss\u00e9dons \u00e0 votre sujet, incluant celles que vous nous avez fournies. Vous pouvez \u00e9galement demander la suppression des donn\u00e9es personnelles vous concernant. Cela ne prend pas en compte les donn\u00e9es stock\u00e9es \u00e0 des fins administratives, l\u00e9gales ou pour des raisons de s\u00e9curit\u00e9.<\/p><!-- \/wp:paragraph --><!-- wp:heading --><h2>O\u00f9 vos donn\u00e9es sont envoy\u00e9es<\/h2><!-- \/wp:heading --><!-- wp:paragraph --><p><strong class=\"privacy-policy-tutorial\">Texte sugg\u00e9r\u00e9\u00a0: <\/strong>Les commentaires des visiteurs peuvent \u00eatre v\u00e9rifi\u00e9s \u00e0 l\u2019aide d\u2019un service automatis\u00e9 de d\u00e9tection des commentaires ind\u00e9sirables.<\/p><!-- \/wp:paragraph -->","_et_gb_content_width":"","footnotes":""},"class_list":["post-244","page","type-page","status-publish","hentry"],"aioseo_notices":[],"_links":{"self":[{"href":"https:\/\/www.soline-assistantesociale.com\/index.php\/wp-json\/wp\/v2\/pages\/244","targetHints":{"allow":["GET"]}}],"collection":[{"href":"https:\/\/www.soline-assistantesociale.com\/index.php\/wp-json\/wp\/v2\/pages"}],"about":[{"href":"https:\/\/www.soline-assistantesociale.com\/index.php\/wp-json\/wp\/v2\/types\/page"}],"author":[{"embeddable":true,"href":"https:\/\/www.soline-assistantesociale.com\/index.php\/wp-json\/wp\/v2\/users\/1"}],"replies":[{"embeddable":true,"href":"https:\/\/www.soline-assistantesociale.com\/index.php\/wp-json\/wp\/v2\/comments?post=244"}],"version-history":[{"count":4,"href":"https:\/\/www.soline-assistantesociale.com\/index.php\/wp-json\/wp\/v2\/pages\/244\/revisions"}],"predecessor-version":[{"id":287,"href":"https:\/\/www.soline-assistantesociale.com\/index.php\/wp-json\/wp\/v2\/pages\/244\/revisions\/287"}],"wp:attachment":[{"href":"https:\/\/www.soline-assistantesociale.com\/index.php\/wp-json\/wp\/v2\/media?parent=244"}],"curies":[{"name":"wp","href":"https:\/\/api.w.org\/{rel}","templated":true}]}}