{"id":3,"date":"2023-12-07T11:42:12","date_gmt":"2023-12-07T10:42:12","guid":{"rendered":"http:\/\/soline-assistantesociale.com\/?page_id=3"},"modified":"2024-04-08T16:13:26","modified_gmt":"2024-04-08T14:13:26","slug":"politique-de-confidentialite","status":"publish","type":"page","link":"https:\/\/www.soline-assistantesociale.com\/index.php\/politique-de-confidentialite\/","title":{"rendered":"Politique de confidentialit\u00e9"},"content":{"rendered":"[et_pb_section fb_built=\u00a0\u00bb1&Prime; admin_label=\u00a0\u00bbsection\u00a0\u00bb _builder_version=\u00a0\u00bb4.24.0&Prime; background_color=\u00a0\u00bb#A3CBE2&Prime; global_colors_info=\u00a0\u00bb{}\u00a0\u00bb][et_pb_row admin_label=\u00a0\u00bbrow\u00a0\u00bb _builder_version=\u00a0\u00bb4.16&Prime; background_size=\u00a0\u00bbinitial\u00a0\u00bb background_position=\u00a0\u00bbtop_left\u00a0\u00bb background_repeat=\u00a0\u00bbrepeat\u00a0\u00bb global_colors_info=\u00a0\u00bb{}\u00a0\u00bb][et_pb_column type=\u00a0\u00bb4_4&Prime; _builder_version=\u00a0\u00bb4.16&Prime; custom_padding=\u00a0\u00bb|||\u00a0\u00bb global_colors_info=\u00a0\u00bb{}\u00a0\u00bb custom_padding__hover=\u00a0\u00bb|||\u00a0\u00bb][et_pb_text admin_label=\u00a0\u00bbText\u00a0\u00bb _builder_version=\u00a0\u00bb4.24.0&Prime; background_size=\u00a0\u00bbinitial\u00a0\u00bb background_position=\u00a0\u00bbtop_left\u00a0\u00bb background_repeat=\u00a0\u00bbrepeat\u00a0\u00bb global_colors_info=\u00a0\u00bb{}\u00a0\u00bb]<p>&nbsp;<\/p>\n<div class=\"wpb_text_column wpb_content_element  post-formatting \">\n<div class=\"wpb_wrapper\">\n<h2>O\u00f9 sommes-nous ?<\/h2>\n<p>L\u2019adresse du pr\u00e9sent site internet est : <a href=\"https:\/\/soline-assistantesociale.com\/\">https:\/\/www.soline-assistantesociale.com<\/a><\/p>\n<p>&nbsp;<\/p>\n<h2>Utilisation des donn\u00e9es personnelles collect\u00e9es<\/h2>\n<h3><\/h3>\n<h3><\/h3>\n<h3>Formulaires de contact<\/h3>\n<p>Les donn\u00e9es personnelles que vous transmettez lors de l\u2019envoi d\u2019un message depuis le formulaire de contact ne servent qu\u2019au traitement des messages envoy\u00e9s. Aucune donn\u00e9e n\u2019est c\u00e9d\u00e9e \u00e0 un tiers. Dans le cadre d\u2019une demande de renseignement, les donn\u00e9es que vous transmettez servent uniquement \u00e0 \u00eatre en mesure de vous r\u00e9pondre.<\/p>\n<h3>Cookies<\/h3>\n<p><strong>Que sont les cookies?<\/strong><br \/>Un cookie est un petit fichier contenant du texte qu\u2019un site web sauvegarde sur votre ordinateur ou votre appareil mobile lorsque vous visitez ce site. Les cookies sont largement utilis\u00e9s pour faire fonctionner un site web, ou pour le faire fonctionner plus efficacement, ainsi que pour fournir des informations aux propri\u00e9taires du site.<\/p>\n<p>Si vous avez un compte et que vous vous connectez sur ce site, un cookie temporaire sera cr\u00e9\u00e9 afin de d\u00e9terminer si votre navigateur accepte les cookies. Il ne contient pas de donn\u00e9es personnelles et sera supprim\u00e9 automatiquement \u00e0 la fermeture de votre navigateur.<\/p>\n<p>Lorsque vous vous connecterez, nous mettrons en place un certain nombre de cookies pour enregistrer vos informations de connexion et vos pr\u00e9f\u00e9rences d\u2019\u00e9cran. La dur\u00e9e de vie d\u2019un cookie de connexion est de deux jours, celle d\u2019un cookie d\u2019option d\u2019\u00e9cran est d\u2019un an. Si vous cochez \u00ab Se souvenir de moi \u00bb, votre cookie de connexion sera conserv\u00e9 pendant deux semaines. Si vous vous d\u00e9connectez de votre compte, le cookie de connexion sera effac\u00e9.<\/p>\n<h3>Contenu embarqu\u00e9 depuis d\u2019autres sites<\/h3>\n<p>Les articles de ce site peuvent inclure des contenus int\u00e9gr\u00e9s (par exemple des vid\u00e9os, images, articles\u2026). Le contenu int\u00e9gr\u00e9 depuis d\u2019autres sites se comporte de la m\u00eame mani\u00e8re que si le visiteur se rendait sur cet autre site.<\/p>\n<p>Ces sites web pourraient collecter des donn\u00e9es sur vous, utiliser des cookies, embarquer des outils de suivis tiers, suivre vos interactions avec ces contenus embarqu\u00e9s si vous disposez d\u2019un compte connect\u00e9 sur leur site web.<\/p>\n<p><strong><span>Youtube<\/span><\/strong><br \/>Notre site Web peut int\u00e8grer des vid\u00e9os YouTube, qui sont h\u00e9berg\u00e9es par Google. L\u2019op\u00e9rateur des pages est YouTube LLC, 901 Cherry Ave., Bruno San, CA 94066, USA. Si vous visitez une de nos pages repr\u00e9sentant une vid\u00e9o\u00a0YouTube, une connexion aux serveurs YouTube est \u00e9tablie. Le serveur YouTube est inform\u00e9 des pages vous avez visit\u00e9. Si vous \u00eates connect\u00e9s \u00e0 votre compte YouTube, YouTube vous permet d\u2019associer votre comportement navigant directement avec votre profil personnel. Vous pouvez emp\u00eacher ceci en modifiant vos pr\u00e9f\u00e9rences au sein de votre compte YouTube.<br \/>Les informations compl\u00e9mentaires du traitement de donn\u00e9es d\u2019utilisateur, peuvent \u00eatre trouv\u00e9es dans la d\u00e9claration de protection de donn\u00e9es de YouTube :<span>\u00a0<\/span><strong><a href=\"https:\/\/policies.google.com\/privacy?hl=fr&amp;gl=fr\" target=\"_blank\" rel=\"noopener noreferrer\">politique de confidentialit\u00e9 de Google<\/a><\/strong>.<\/p>\n<p><strong><span>Google fonts<\/span><\/strong><br \/>Pour la repr\u00e9sentation uniforme de polices de caract\u00e8res, le pr\u00e9sent site utilise des polices de caract\u00e8res Web fournies par Google. Quand vous ouvrez une page, votre navigateur charge les polices de caract\u00e8res Web n\u00e9cessaires dans votre m\u00e9moire cache de navigateur pour afficher les textes et les polices de caract\u00e8res correctement. \u00c0 cette fin votre navigateur doit \u00e9tablir une connexion directe aux serveurs de Google. Google prend ainsi conscience que notre page Web s\u2019est affich\u00e9e via votre adresse IP. L\u2019utilisation de polices de caract\u00e8res de Web de Google est faite dans l\u2019int\u00e9r\u00eat d\u2019une pr\u00e9sentation uniforme et attrayante graphiquement parlant.<br \/>Si votre navigateur ne supporte pas les polices de caract\u00e8res Web, une police de caract\u00e8res standard est utilis\u00e9e par votre ordinateur.<br \/>Les informations compl\u00e9mentaires sur le contr\u00f4le des donn\u00e9es utilisateur, peuvent \u00eatre trouv\u00e9es dans la :<span>\u00a0<\/span><strong><a href=\"https:\/\/policies.google.com\/privacy?hl=fr&amp;gl=fr\" target=\"_blank\" rel=\"noopener noreferrer\">politique de confidentialit\u00e9 de Google<\/a><\/strong>.<\/p>\n<h3>Statistiques et mesures d\u2019audience<\/h3>\n<p>Le pr\u00e9sent site utilise l\u2019outil de mesure d\u2019audience Google Analytics. Donn\u00e9es r\u00e9colt\u00e9es : nombre de visiteurs journalier, pages visit\u00e9es, dur\u00e9e d\u2019une session, page d\u2019entr\u00e9e, page de sortie, page de provenance, navigateur, version du navigateur, syst\u00e8me d\u2019exploitation, version du syst\u00e8me d\u2019exploitation. Les donn\u00e9es sont trait\u00e9es de mani\u00e8re totalement anonyme et ne servent qu\u2019\u00e0 des fins d\u2019analyse du comportement sur le site et am\u00e9liorations de ce dernier.<br \/>Vous pouvez consulter la<span>\u00a0<\/span><strong><a href=\"https:\/\/policies.google.com\/privacy\/update?hl=fr\" target=\"_blank\" rel=\"noopener noreferrer\">politique de confidentialit\u00e9 de Google Analytics<\/a><\/strong><br \/>Il est de surcroit possible d\u2019installer dans votre navigateur un blocage permanent vis \u00e0 vis de Google Analytics =&gt;<span>\u00a0<\/span><strong><a href=\"https:\/\/tools.google.com\/dlpage\/gaoptout\/\" target=\"_blank\" rel=\"noopener noreferrer\">module compl\u00e9mentaire<\/a><\/strong><\/p>\n<h2>Utilisation et transmission de vos donn\u00e9es personnelles<\/h2>\n<p>Aucune transmission de vos donn\u00e9es personnelles (mail, nom, t\u00e9l\u00e9phone) \u00e0 des fins commerciales n\u2019est r\u00e9alis\u00e9e. Ces donn\u00e9es ne servent que pour vous r\u00e9pondre directement lors de communications priv\u00e9es.<\/p>\n<h2>Dur\u00e9es de stockage de vos donn\u00e9es<\/h2>\n<p>Vos informations personnelles sont conserv\u00e9es par Soline Verri\u00e8res uniquement pour le temps correspondant \u00e0 la finalit\u00e9 de la collecte tel qu\u2019indiqu\u00e9 ci-dessus qui ne saurait en tout \u00e9tat de cause exc\u00e9der 3 ans.<\/p>\n<h2>Les droits que vous avez sur vos donn\u00e9es<\/h2>\n<p>Si vous avez envoy\u00e9 des donn\u00e9es via un formulaire de contact sur le pr\u00e9sent site, vous pouvez demander \u00e0 recevoir un fichier contenant toutes les donn\u00e9es personnelles que nous poss\u00e9dons \u00e0 votre sujet, incluant celles que vous nous avez fournies. Vous pouvez \u00e9galement demander la suppression des donn\u00e9es personnelles vous concernant. Cela ne prend pas en compte les donn\u00e9es stock\u00e9es \u00e0 des fins administratives, l\u00e9gales ou pour des raisons de s\u00e9curit\u00e9.<\/p>\n<h2>Informations de contact<\/h2>\n<p>D\u00e9l\u00e9gu\u00e9e \u00e0 la protection des donn\u00e9es : Soline Verri\u00e8res<br \/>Vous pouvez adresser toute correspondance en rapport au RGPD (R\u00e8glement G\u00e9n\u00e9ral sur la Protection des Donn\u00e9es) au mail suivant : <a href=\"mailto:solineverrieres@gmail.com\" title=\"email\">solineverrieres@gmail.com<\/a><\/p>\n<h3>Proc\u00e9dures mises en \u0153uvre en cas de fuite de donn\u00e9es<\/h3>\n<p>Le plus grand soin est apport\u00e9 \u00e0 la r\u00e9alisation du pr\u00e9sent site et \u00e0 sa s\u00e9curisation. Dans le cas o\u00f9 le site serait victime d\u2019une attaque (hacking), nous nous engageons \u00e0 vous informer de cette derni\u00e8re.<\/p>\n<h3>Les services tiers qui nous transmettent des donn\u00e9es<\/h3>\n<p>Aucun.<\/p>\n<h3>Op\u00e9rations de marketing automatis\u00e9 et\/ou de profilage r\u00e9alis\u00e9es \u00e0 l\u2019aide des donn\u00e9es personnelles<\/h3>\n<p>Aucune.<\/p>\n<p>&nbsp;<\/p>\n<\/div>\n<\/div>\n<h2>Droit applicable<\/h2>\n<p>Le pr\u00e9sent site est soumis au droit fran\u00e7ais.<\/p>\n<p><\/p>[\/et_pb_text][\/et_pb_column][\/et_pb_row][\/et_pb_section]<!-- \/wp:post-content -->","protected":false},"excerpt":{"rendered":"<p>&nbsp; O\u00f9 sommes-nous ? L\u2019adresse du pr\u00e9sent site internet est : https:\/\/www.soline-assistantesociale.com &nbsp; Utilisation des donn\u00e9es personnelles collect\u00e9es Formulaires de contact Les donn\u00e9es personnelles que vous transmettez lors de l\u2019envoi d\u2019un message depuis le formulaire de contact ne servent qu\u2019au traitement des messages envoy\u00e9s. Aucune donn\u00e9e n\u2019est c\u00e9d\u00e9e \u00e0 un tiers. Dans le cadre d\u2019une [&hellip;]<\/p>\n","protected":false},"author":1,"featured_media":0,"parent":0,"menu_order":0,"comment_status":"closed","ping_status":"open","template":"","meta":{"_et_pb_use_builder":"on","_et_pb_old_content":"<!-- wp:heading --><h2>Qui sommes-nous\u00a0?<\/h2><!-- \/wp:heading --><!-- wp:paragraph --><p><strong class=\"privacy-policy-tutorial\">Texte sugg\u00e9r\u00e9\u00a0: <\/strong>L\u2019adresse de notre site est\u00a0: http:\/\/soline-assistantesociale.com.<\/p><!-- \/wp:paragraph --><!-- wp:heading --><h2>Commentaires<\/h2><!-- \/wp:heading --><!-- wp:paragraph --><p><strong class=\"privacy-policy-tutorial\">Texte sugg\u00e9r\u00e9\u00a0: <\/strong>Quand vous laissez un commentaire sur notre site, les donn\u00e9es inscrites dans le formulaire de commentaire, ainsi que votre adresse IP et l\u2019agent utilisateur de votre navigateur sont collect\u00e9s pour nous aider \u00e0 la d\u00e9tection des commentaires ind\u00e9sirables.<\/p><!-- \/wp:paragraph --><!-- wp:paragraph --><p>Une cha\u00eene anonymis\u00e9e cr\u00e9\u00e9e \u00e0 partir de votre adresse e-mail (\u00e9galement appel\u00e9e hash) peut \u00eatre envoy\u00e9e au service Gravatar pour v\u00e9rifier si vous utilisez ce dernier. Les clauses de confidentialit\u00e9 du service Gravatar sont disponibles ici\u00a0: https:\/\/automattic.com\/privacy\/. Apr\u00e8s validation de votre commentaire, votre photo de profil sera visible publiquement \u00e0 cot\u00e9 de votre commentaire.<\/p><!-- \/wp:paragraph --><!-- wp:heading --><h2>M\u00e9dias<\/h2><!-- \/wp:heading --><!-- wp:paragraph --><p><strong class=\"privacy-policy-tutorial\">Texte sugg\u00e9r\u00e9\u00a0: <\/strong>Si vous t\u00e9l\u00e9versez des images sur le site, nous vous conseillons d\u2019\u00e9viter de t\u00e9l\u00e9verser des images contenant des donn\u00e9es EXIF de coordonn\u00e9es GPS. Les personnes visitant votre site peuvent t\u00e9l\u00e9charger et extraire des donn\u00e9es de localisation depuis ces images.<\/p><!-- \/wp:paragraph --><!-- wp:heading --><h2>Cookies<\/h2><!-- \/wp:heading --><!-- wp:paragraph --><p><strong class=\"privacy-policy-tutorial\">Texte sugg\u00e9r\u00e9\u00a0: <\/strong>Si vous d\u00e9posez un commentaire sur notre site, il vous sera propos\u00e9 d\u2019enregistrer votre nom, adresse e-mail et site dans des cookies. C\u2019est uniquement pour votre confort afin de ne pas avoir \u00e0 saisir ces informations si vous d\u00e9posez un autre commentaire plus tard. Ces cookies expirent au bout d\u2019un an.<\/p><!-- \/wp:paragraph --><!-- wp:paragraph --><p>Si vous vous rendez sur la page de connexion, un cookie temporaire sera cr\u00e9\u00e9 afin de d\u00e9terminer si votre navigateur accepte les cookies. Il ne contient pas de donn\u00e9es personnelles et sera supprim\u00e9 automatiquement \u00e0 la fermeture de votre navigateur.<\/p><!-- \/wp:paragraph --><!-- wp:paragraph --><p>Lorsque vous vous connecterez, nous mettrons en place un certain nombre de cookies pour enregistrer vos informations de connexion et vos pr\u00e9f\u00e9rences d\u2019\u00e9cran. La dur\u00e9e de vie d\u2019un cookie de connexion est de deux jours, celle d\u2019un cookie d\u2019option d\u2019\u00e9cran est d\u2019un an. Si vous cochez \u00ab\u00a0Se souvenir de moi\u00a0\u00bb, votre cookie de connexion sera conserv\u00e9 pendant deux semaines. Si vous vous d\u00e9connectez de votre compte, le cookie de connexion sera effac\u00e9.<\/p><!-- \/wp:paragraph --><!-- wp:paragraph --><p>En modifiant ou en publiant une publication, un cookie suppl\u00e9mentaire sera enregistr\u00e9 dans votre navigateur. Ce cookie ne comprend aucune donn\u00e9e personnelle. Il indique simplement l\u2019ID de la publication que vous venez de modifier. Il expire au bout d\u2019un jour.<\/p><!-- \/wp:paragraph --><!-- wp:heading --><h2>Contenu embarqu\u00e9 depuis d\u2019autres sites<\/h2><!-- \/wp:heading --><!-- wp:paragraph --><p><strong class=\"privacy-policy-tutorial\">Texte sugg\u00e9r\u00e9\u00a0: <\/strong>Les articles de ce site peuvent inclure des contenus int\u00e9gr\u00e9s (par exemple des vid\u00e9os, images, articles\u2026). Le contenu int\u00e9gr\u00e9 depuis d\u2019autres sites se comporte de la m\u00eame mani\u00e8re que si le visiteur se rendait sur cet autre site.<\/p><!-- \/wp:paragraph --><!-- wp:paragraph --><p>Ces sites web pourraient collecter des donn\u00e9es sur vous, utiliser des cookies, embarquer des outils de suivis tiers, suivre vos interactions avec ces contenus embarqu\u00e9s si vous disposez d\u2019un compte connect\u00e9 sur leur site web.<\/p><!-- \/wp:paragraph --><!-- wp:heading --><h2>Utilisation et transmission de vos donn\u00e9es personnelles<\/h2><!-- \/wp:heading --><!-- wp:paragraph --><p><strong class=\"privacy-policy-tutorial\">Texte sugg\u00e9r\u00e9\u00a0: <\/strong>Si vous demandez une r\u00e9initialisation de votre mot de passe, votre adresse IP sera incluse dans l\u2019e-mail de r\u00e9initialisation.<\/p><!-- \/wp:paragraph --><!-- wp:heading --><h2>Dur\u00e9es de stockage de vos donn\u00e9es<\/h2><!-- \/wp:heading --><!-- wp:paragraph --><p><strong class=\"privacy-policy-tutorial\">Texte sugg\u00e9r\u00e9\u00a0: <\/strong>Si vous laissez un commentaire, le commentaire et ses m\u00e9tadonn\u00e9es sont conserv\u00e9s ind\u00e9finiment. Cela permet de reconna\u00eetre et approuver automatiquement les commentaires suivants au lieu de les laisser dans la file de mod\u00e9ration.<\/p><!-- \/wp:paragraph --><!-- wp:paragraph --><p>Pour les comptes qui s\u2019inscrivent sur notre site (le cas \u00e9ch\u00e9ant), nous stockons \u00e9galement les donn\u00e9es personnelles indiqu\u00e9es dans leur profil. Tous les comptes peuvent voir, modifier ou supprimer leurs informations personnelles \u00e0 tout moment (\u00e0 l\u2019exception de leur identifiant). Les gestionnaires du site peuvent aussi voir et modifier ces informations.<\/p><!-- \/wp:paragraph --><!-- wp:heading --><h2>Les droits que vous avez sur vos donn\u00e9es<\/h2><!-- \/wp:heading --><!-- wp:paragraph --><p><strong class=\"privacy-policy-tutorial\">Texte sugg\u00e9r\u00e9\u00a0: <\/strong>Si vous avez un compte ou si vous avez laiss\u00e9 des commentaires sur le site, vous pouvez demander \u00e0 recevoir un fichier contenant toutes les donn\u00e9es personnelles que nous poss\u00e9dons \u00e0 votre sujet, incluant celles que vous nous avez fournies. Vous pouvez \u00e9galement demander la suppression des donn\u00e9es personnelles vous concernant. Cela ne prend pas en compte les donn\u00e9es stock\u00e9es \u00e0 des fins administratives, l\u00e9gales ou pour des raisons de s\u00e9curit\u00e9.<\/p><!-- \/wp:paragraph --><!-- wp:heading --><h2>O\u00f9 vos donn\u00e9es sont envoy\u00e9es<\/h2><!-- \/wp:heading --><!-- wp:paragraph --><p><strong class=\"privacy-policy-tutorial\">Texte sugg\u00e9r\u00e9\u00a0: <\/strong>Les commentaires des visiteurs peuvent \u00eatre v\u00e9rifi\u00e9s \u00e0 l\u2019aide d\u2019un service automatis\u00e9 de d\u00e9tection des commentaires ind\u00e9sirables.<\/p><!-- \/wp:paragraph -->","_et_gb_content_width":"","footnotes":""},"class_list":["post-3","page","type-page","status-publish","hentry"],"aioseo_notices":[],"_links":{"self":[{"href":"https:\/\/www.soline-assistantesociale.com\/index.php\/wp-json\/wp\/v2\/pages\/3","targetHints":{"allow":["GET"]}}],"collection":[{"href":"https:\/\/www.soline-assistantesociale.com\/index.php\/wp-json\/wp\/v2\/pages"}],"about":[{"href":"https:\/\/www.soline-assistantesociale.com\/index.php\/wp-json\/wp\/v2\/types\/page"}],"author":[{"embeddable":true,"href":"https:\/\/www.soline-assistantesociale.com\/index.php\/wp-json\/wp\/v2\/users\/1"}],"replies":[{"embeddable":true,"href":"https:\/\/www.soline-assistantesociale.com\/index.php\/wp-json\/wp\/v2\/comments?post=3"}],"version-history":[{"count":6,"href":"https:\/\/www.soline-assistantesociale.com\/index.php\/wp-json\/wp\/v2\/pages\/3\/revisions"}],"predecessor-version":[{"id":288,"href":"https:\/\/www.soline-assistantesociale.com\/index.php\/wp-json\/wp\/v2\/pages\/3\/revisions\/288"}],"wp:attachment":[{"href":"https:\/\/www.soline-assistantesociale.com\/index.php\/wp-json\/wp\/v2\/media?parent=3"}],"curies":[{"name":"wp","href":"https:\/\/api.w.org\/{rel}","templated":true}]}}